{"id":1281,"date":"2024-10-06T09:35:25","date_gmt":"2024-10-06T09:35:25","guid":{"rendered":"https:\/\/johannes-alexander.de\/?page_id=1281"},"modified":"2024-10-06T17:21:58","modified_gmt":"2024-10-06T17:21:58","slug":"blog-und-dann-werden-wir-dankbar","status":"publish","type":"page","link":"https:\/\/johannes-alexander.de\/?page_id=1281","title":{"rendered":"blog: &#8222;Und dann werden wir dankbar.&#8220;"},"content":{"rendered":"\n<p class=\"has-text-align-center has-medium-font-size\"><strong>B<\/strong>log: \u201e<strong>Und dann werden wir dankbar<\/strong>&#8220; <\/p>\n\n\n\n<p class=\"has-text-align-center\"><strong>ein Text von Johannes Alexander<\/strong><\/p>\n\n\n\n<div style=\"height:20px\" aria-hidden=\"true\" class=\"wp-block-spacer\"><\/div>\n\n\n\n<div class=\"wp-block-columns is-layout-flex wp-container-core-columns-is-layout-9d6595d7 wp-block-columns-is-layout-flex\">\n<div class=\"wp-block-column is-layout-flow wp-block-column-is-layout-flow\" style=\"flex-basis:33.33%\">\n<figure class=\"wp-block-gallery has-nested-images columns-default is-cropped wp-block-gallery-1 is-layout-flex wp-block-gallery-is-layout-flex\">\n<figure class=\"wp-block-image size-full\"><img loading=\"lazy\" decoding=\"async\" width=\"293\" height=\"1069\" data-id=\"1308\" src=\"https:\/\/johannes-alexander.de\/wp-content\/uploads\/2024\/10\/faith-crabtree-gyRlgz7gmEU-unsplash_hoch-1.png\" alt=\"\" class=\"wp-image-1308\" srcset=\"https:\/\/johannes-alexander.de\/wp-content\/uploads\/2024\/10\/faith-crabtree-gyRlgz7gmEU-unsplash_hoch-1.png 293w, https:\/\/johannes-alexander.de\/wp-content\/uploads\/2024\/10\/faith-crabtree-gyRlgz7gmEU-unsplash_hoch-1-82x300.png 82w, https:\/\/johannes-alexander.de\/wp-content\/uploads\/2024\/10\/faith-crabtree-gyRlgz7gmEU-unsplash_hoch-1-281x1024.png 281w\" sizes=\"auto, (max-width: 293px) 100vw, 293px\" \/><\/figure>\n<\/figure>\n<\/div>\n\n\n\n<div class=\"wp-block-column is-layout-flow wp-block-column-is-layout-flow\" style=\"flex-basis:66.66%\">\n<p><strong>A<\/strong>ll die Dinge, die wir unerledigt zur\u00fccklassen,<br>all die Gef\u00fchle, die wir nicht wollen oder ertragen k\u00f6nnen, all die ungeweinten Tr\u00e4nen, all die Eindr\u00fccke, die wir nicht rechtzeitig gr\u00fcndlich durchf\u00fchlen,<br>all dieser Ballast findet irgendwann einen Weg zur\u00fcck in unser Bewu\u00dftsein.<\/p>\n\n\n\n<p><strong>U<\/strong>nd je nachdem, wie wir ihm begegnen, wird er entweder zu unserem Stolperstein auf dem Weg zur\u00fcck in unser heiles Selbst oder aber zum Lohn unseres mutigen Eintauchens in unsere Innenwelt.<\/p>\n\n\n\n<p><strong>B<\/strong>eginnen wir, unsere Perspektive und damit unser Bewu\u00dftsein zu wandeln, beginnen wir, Sorge und Verantwortung zu tragen f\u00fcr das, was war<br>und h\u00e4tte sein k\u00f6nnen.<\/p>\n\n\n\n<p><strong>D<\/strong>ann wird aus dem Stolpern ein &#8222;Arme-weit-machen&#8220;.<br>Dann sehen wir die Steine und was sie in Wahrheit sind.<br>Dann werden wir uns wieder f\u00fchlen.<\/p>\n\n\n\n<p><strong>W<\/strong>ir werden wieder mitf\u00fchlend. Wir werden<br>verstehen und mit uns selbst Verst\u00e4ndnis haben und wir werden die tiefere Weisheit in den dunklen Schatten erkennen.<\/p>\n\n\n\n<p class=\"has-text-align-left has-medium-font-size\"><strong>U<\/strong>nd dann werden wir dankbar.<br>Und dann werden wir frei sein.<\/p>\n<\/div>\n<\/div>\n","protected":false},"excerpt":{"rendered":"<p>Blog: \u201eUnd dann werden wir dankbar&#8220; ein Text von Johannes Alexander All die Dinge, die wir unerledigt zur\u00fccklassen,all die Gef\u00fchle, die wir nicht wollen oder ertragen k\u00f6nnen, all die ungeweinten Tr\u00e4nen, all die Eindr\u00fccke, die wir nicht rechtzeitig gr\u00fcndlich durchf\u00fchlen,all dieser Ballast findet irgendwann einen Weg zur\u00fcck in unser Bewu\u00dftsein. Und je nachdem, wie wir [&hellip;]<\/p>\n","protected":false},"author":1,"featured_media":0,"parent":0,"menu_order":0,"comment_status":"closed","ping_status":"closed","template":"","meta":{"footnotes":""},"class_list":["post-1281","page","type-page","status-publish","hentry"],"_links":{"self":[{"href":"https:\/\/johannes-alexander.de\/index.php?rest_route=\/wp\/v2\/pages\/1281","targetHints":{"allow":["GET"]}}],"collection":[{"href":"https:\/\/johannes-alexander.de\/index.php?rest_route=\/wp\/v2\/pages"}],"about":[{"href":"https:\/\/johannes-alexander.de\/index.php?rest_route=\/wp\/v2\/types\/page"}],"author":[{"embeddable":true,"href":"https:\/\/johannes-alexander.de\/index.php?rest_route=\/wp\/v2\/users\/1"}],"replies":[{"embeddable":true,"href":"https:\/\/johannes-alexander.de\/index.php?rest_route=%2Fwp%2Fv2%2Fcomments&post=1281"}],"version-history":[{"count":24,"href":"https:\/\/johannes-alexander.de\/index.php?rest_route=\/wp\/v2\/pages\/1281\/revisions"}],"predecessor-version":[{"id":1321,"href":"https:\/\/johannes-alexander.de\/index.php?rest_route=\/wp\/v2\/pages\/1281\/revisions\/1321"}],"wp:attachment":[{"href":"https:\/\/johannes-alexander.de\/index.php?rest_route=%2Fwp%2Fv2%2Fmedia&parent=1281"}],"curies":[{"name":"wp","href":"https:\/\/api.w.org\/{rel}","templated":true}]}}