{"id":1386,"date":"2025-08-04T13:42:07","date_gmt":"2025-08-04T13:42:07","guid":{"rendered":"https:\/\/johannes-alexander.de\/?page_id=1386"},"modified":"2025-08-15T08:13:20","modified_gmt":"2025-08-15T08:13:20","slug":"webdesign","status":"publish","type":"page","link":"https:\/\/johannes-alexander.de\/?page_id=1386","title":{"rendered":"webDesign"},"content":{"rendered":"\n<p><strong>Pers\u00f6nlichkeitsentwicklung trifft webDesign<\/strong><\/p>\n\n\n\n<p><strong>A<\/strong>uthentische Selbstdarstellung ist in gesch\u00e4ftlicher Hinsicht ebenso wichtig, wie in unserem privaten Leben. Nicht schillernde verwirrende, \u00fcbertreibende, manipulative Argumentation, sondern <strong>Einfachheit<\/strong>, <strong>Klarheit<\/strong>, <strong>Echtheit<\/strong> und <strong>herzverbundene<\/strong> <strong>Kommunikation<\/strong>, sind Merkmale der <strong>Unternehmer der neuen Zeit<\/strong>.<\/p>\n\n\n\n<p class=\"has-background\" style=\"background-color:#fff7e3a8\"><strong>Basis-Paket:<\/strong><br>&#8211; <strong>Planung<\/strong> Deines Vorhabens<br>&#8211; Beratung bei der Findung Deines <strong>Corporate Designs<\/strong> (Logo, Farb- und Schriftwahl, Layout..)<br>&#8211; Hilfe bei Deiner <strong>Domain-Registrierung<\/strong>, Einbindung von <strong>Webspace<\/strong> und Erstellung Deiner <strong>Website<\/strong><br>&#8211; Einf\u00fchrung in <strong>WordPress<\/strong>, damit du zuk\u00fcnftig selbst Ver\u00e4nderungen vornehmen kannst<br>&#8211; Beratung und Hilfestellung bei der Erstellung von <strong>Visitenkarten<\/strong>, <strong>Flyern<\/strong>, <strong>Briefk\u00f6pfen<\/strong>, &#8230;<br><\/p>\n\n\n\n<p><strong>W<\/strong>ir sind alle Menschen, die Talente haben und auch Schwachstellen und Zweifel oder \u00c4ngste. Viele von uns m\u00f6chten gern eine Website, um sich beruflich zu zeigen und haben vielleicht auch schon KnowHow, aber f\u00fchlen sich zur\u00fcckgehalten oder nicht richtig bereit. Oder die erwartet Zielgruppe stimmt nicht mit ihren Vorstellungen \u00fcberein&#8230;<\/p>\n\n\n\n<p><strong>G<\/strong>erade in der Branche der alternativen Heilarbeit, treten solche Hindernisse oft in den Vordergrund. &#8222;Darf ich \u00fcberhaupt Geld nehmen?&#8220;, &#8222;Ist Geld etwas unspirituelles?&#8220;, und viele andere Fragen.<br><br><strong>I<\/strong>ch biete Unterst\u00fctzung bei der Kl\u00e4rung und Erl\u00f6sung dieser und vieler weiterer Themen an, zus\u00e4tzlich zum &#8222;klassischen&#8220; Basis-Paket in Form meines &#8222;<strong>Premium-Paketes<\/strong>&#8222;<\/p>\n\n\n\n<p class=\"has-background\" style=\"background-color:#fff7e3a8\"><strong>Premium-Paket:<\/strong><br>&#8211; <strong>Basis-Paket<\/strong> inklusive Unterst\u00fctzung bei auftretenden Themen wie \u201esich zeigen\u201c, &#8222;Hinaus in die Welt gehen&#8220;, &#8222;Angst vorm &#8222;Haifischbecken&#8220;, etc. mithilfe von Heilarbeit und ganzheitlichem Coaching<\/p>\n\n\n\n<p><strong>G<\/strong>erne k\u00f6nnen wir bei einem gemeinsamen unverbindlichen Erstgespr\u00e4ch ganz individuell ein Paket f\u00fcr Dich zusammenstellen.<\/p>\n\n\n\n<p><strong>P<\/strong>reise je nach Absprache und Umfang der Arbeit.<\/p>\n\n\n\n<p class=\"has-text-align-right\">\u00b7\u00b7 <a data-type=\"internal\" data-id=\"#top\" href=\"#top\">nach oben<\/a> \u00b7\u00b7 weiter zu <a data-type=\"page\" data-id=\"13\" href=\"https:\/\/johannes-alexander.de\/?page_id=13\">kontakt<\/a><\/p>\n","protected":false},"excerpt":{"rendered":"<p>Pers\u00f6nlichkeitsentwicklung trifft webDesign Authentische Selbstdarstellung ist in gesch\u00e4ftlicher Hinsicht ebenso wichtig, wie in unserem privaten Leben. Nicht schillernde verwirrende, \u00fcbertreibende, manipulative Argumentation, sondern Einfachheit, Klarheit, Echtheit und herzverbundene Kommunikation, sind Merkmale der Unternehmer der neuen Zeit. Basis-Paket:&#8211; Planung Deines Vorhabens&#8211; Beratung bei der Findung Deines Corporate Designs (Logo, Farb- und Schriftwahl, Layout..)&#8211; Hilfe bei Deiner [&hellip;]<\/p>\n","protected":false},"author":1,"featured_media":0,"parent":0,"menu_order":0,"comment_status":"closed","ping_status":"closed","template":"","meta":{"footnotes":""},"class_list":["post-1386","page","type-page","status-publish","hentry"],"_links":{"self":[{"href":"https:\/\/johannes-alexander.de\/index.php?rest_route=\/wp\/v2\/pages\/1386","targetHints":{"allow":["GET"]}}],"collection":[{"href":"https:\/\/johannes-alexander.de\/index.php?rest_route=\/wp\/v2\/pages"}],"about":[{"href":"https:\/\/johannes-alexander.de\/index.php?rest_route=\/wp\/v2\/types\/page"}],"author":[{"embeddable":true,"href":"https:\/\/johannes-alexander.de\/index.php?rest_route=\/wp\/v2\/users\/1"}],"replies":[{"embeddable":true,"href":"https:\/\/johannes-alexander.de\/index.php?rest_route=%2Fwp%2Fv2%2Fcomments&post=1386"}],"version-history":[{"count":25,"href":"https:\/\/johannes-alexander.de\/index.php?rest_route=\/wp\/v2\/pages\/1386\/revisions"}],"predecessor-version":[{"id":1491,"href":"https:\/\/johannes-alexander.de\/index.php?rest_route=\/wp\/v2\/pages\/1386\/revisions\/1491"}],"wp:attachment":[{"href":"https:\/\/johannes-alexander.de\/index.php?rest_route=%2Fwp%2Fv2%2Fmedia&parent=1386"}],"curies":[{"name":"wp","href":"https:\/\/api.w.org\/{rel}","templated":true}]}}