{"id":833,"date":"2022-02-22T17:46:39","date_gmt":"2022-02-22T17:46:39","guid":{"rendered":"https:\/\/heilen.johannes-alexander.de\/?page_id=833"},"modified":"2024-09-19T11:58:24","modified_gmt":"2024-09-19T11:58:24","slug":"spiegelraum","status":"publish","type":"page","link":"https:\/\/johannes-alexander.de\/?page_id=833","title":{"rendered":"\u00b7\u00b7 Spiegelraum \u00b7\u00b7"},"content":{"rendered":"\n<p><strong>M<\/strong>ein <a href=\"https:\/\/spiegelraum.com\" rel=\"noopener\"><strong>S<\/strong>piegelraum<\/a>-Projekt ist ein Ort, um Menschen, die auf dem Weg zur\u00fcck zu sich selbst sind, M\u00f6glichkeiten der Heilung aufzuzeigen bzw. neue Denkans\u00e4tze zu vermitteln.<\/p>\n\n\n\n<p><strong>O<\/strong>bwohl die Ges\u00e4tzm\u00e4\u00dfigkeiten f\u00fcr wahre Heilung immer die gleichen sind, hat dennoch jeder einen individuellen Stil, wenn es darum geht, sich selbst und auch andere wieder in eine harmonische Balance zu f\u00fchren. Wir alle sind verschieden, wir alle erg\u00e4nzen uns, jeder bringt etwas ein, was Ihn zum Meister seines Faches macht.<\/p>\n\n\n<div class=\"wp-block-image\">\n<figure class=\"aligncenter size-full is-resized\"><a href=\"https:\/\/spiegelraum.com\" rel=\"noopener\"><img loading=\"lazy\" decoding=\"async\" width=\"565\" height=\"376\" src=\"https:\/\/johannes-alexander.de\/wp-content\/uploads\/2024\/04\/Spiegelraum.com_100dpi.png\" alt=\"\" class=\"wp-image-884\" style=\"width:398px\" srcset=\"https:\/\/johannes-alexander.de\/wp-content\/uploads\/2024\/04\/Spiegelraum.com_100dpi.png 565w, https:\/\/johannes-alexander.de\/wp-content\/uploads\/2024\/04\/Spiegelraum.com_100dpi-300x200.png 300w\" sizes=\"auto, (max-width: 565px) 100vw, 565px\" \/><\/a><\/figure>\n<\/div>\n\n\n<div style=\"height:27px\" aria-hidden=\"true\" class=\"wp-block-spacer\"><\/div>\n\n\n\n<p><strong>D<\/strong>er <a href=\"https:\/\/spiegelraum.com\" rel=\"noopener\"><strong>S<\/strong>piegelraum<\/a> ist somit eine M\u00f6glichkeit, Menschen, die den Weg der Selbstheilung und Selbsterfahrung schon viele Jahre gehen und Ihre F\u00e4higkeiten in den Dienst anderer stellen, vorzustellen und Ihre Arbeit zu pr\u00e4sentieren. Au\u00dferdem werden hier auch deren blog-Artikel, Gespr\u00e4che, Interviews und auch liebevolle Musik ver\u00f6ffentlicht.<\/p>\n\n\n\n<p>Viel Spa\u00df beim St\u00f6bern und Entdecken \ud83d\ude42<\/p>\n","protected":false},"excerpt":{"rendered":"<p>Mein Spiegelraum-Projekt ist ein Ort, um Menschen, die auf dem Weg zur\u00fcck zu sich selbst sind, M\u00f6glichkeiten der Heilung aufzuzeigen bzw. neue Denkans\u00e4tze zu vermitteln. Obwohl die Ges\u00e4tzm\u00e4\u00dfigkeiten f\u00fcr wahre Heilung immer die gleichen sind, hat dennoch jeder einen individuellen Stil, wenn es darum geht, sich selbst und auch andere wieder in eine harmonische Balance [&hellip;]<\/p>\n","protected":false},"author":1,"featured_media":0,"parent":0,"menu_order":0,"comment_status":"closed","ping_status":"closed","template":"","meta":{"footnotes":""},"class_list":["post-833","page","type-page","status-publish","hentry"],"_links":{"self":[{"href":"https:\/\/johannes-alexander.de\/index.php?rest_route=\/wp\/v2\/pages\/833","targetHints":{"allow":["GET"]}}],"collection":[{"href":"https:\/\/johannes-alexander.de\/index.php?rest_route=\/wp\/v2\/pages"}],"about":[{"href":"https:\/\/johannes-alexander.de\/index.php?rest_route=\/wp\/v2\/types\/page"}],"author":[{"embeddable":true,"href":"https:\/\/johannes-alexander.de\/index.php?rest_route=\/wp\/v2\/users\/1"}],"replies":[{"embeddable":true,"href":"https:\/\/johannes-alexander.de\/index.php?rest_route=%2Fwp%2Fv2%2Fcomments&post=833"}],"version-history":[{"count":17,"href":"https:\/\/johannes-alexander.de\/index.php?rest_route=\/wp\/v2\/pages\/833\/revisions"}],"predecessor-version":[{"id":1158,"href":"https:\/\/johannes-alexander.de\/index.php?rest_route=\/wp\/v2\/pages\/833\/revisions\/1158"}],"wp:attachment":[{"href":"https:\/\/johannes-alexander.de\/index.php?rest_route=%2Fwp%2Fv2%2Fmedia&parent=833"}],"curies":[{"name":"wp","href":"https:\/\/api.w.org\/{rel}","templated":true}]}}