{"id":996,"date":"2024-05-03T08:23:34","date_gmt":"2024-05-03T08:23:34","guid":{"rendered":"https:\/\/heilen.johannes-alexander.de\/?page_id=996"},"modified":"2025-09-05T10:12:44","modified_gmt":"2025-09-05T10:12:44","slug":"angebote","status":"publish","type":"page","link":"https:\/\/johannes-alexander.de\/?page_id=996","title":{"rendered":"angebote"},"content":{"rendered":"\n<p><strong>D<\/strong>erzeit biete ich <a href=\"#Einzel\" data-type=\"internal\" data-id=\"#Einzel\"><strong>Einzel<\/strong><\/a>&#8211; und <a href=\"#Paare\" data-type=\"internal\" data-id=\"#Paare\"><strong>Paar<\/strong><\/a>-Begleitungen an, sowie <strong><a href=\"#GHA\" data-type=\"internal\" data-id=\"#GHA\">ganzheitliche Heil- und Aufstellungsarbeit<\/a><\/strong> in Zusammenarbeit mit <strong><a href=\"http:\/\/joanalumina.com\" rel=\"noopener\">Joana Glaum<\/a><\/strong>.<\/p>\n\n\n\n<p><strong>D<\/strong>ie Einzelbegleitungen finden dabei als <a href=\"#kE\"><strong>k\u00f6rperorientierte Energiebehandlungen<\/strong><\/a> statt oder als <a href=\"#gCS\"><strong>ganzheitliche Coaching-Sitzungen<\/strong><\/a>.<\/p>\n\n\n\n<p><strong>B<\/strong>ei Interesse nimm gern <a href=\"https:\/\/johannes-alexander.de\/?page_id=13\" data-type=\"page\" data-id=\"13\">Kontakt<\/a> mit mir auf. Die Termine k\u00f6nnen vor Ort in Markkleeberg, per Video-Call oder Telefon stattfinden.<\/p>\n\n\n\n<p>\ud83d\udccd <strong>Und ganz neu<\/strong>: es entsteht ein <strong><a href=\"#HUV\">Heil- und Verbindungskreis<\/a><\/strong> mit mir und <a href=\"http:\/\/joanalumina.com\" rel=\"noopener\">Joana<\/a> \ud83d\udc40<\/p>\n\n\n\n<div style=\"height:20px\" aria-hidden=\"true\" class=\"wp-block-spacer\"><\/div>\n\n\n\n<p class=\"has-text-align-left\" id=\"Einzel\"><strong>Einzel-Begleitung<\/strong>: <\/p>\n\n\n\n<div class=\"wp-block-columns is-layout-flex wp-container-core-columns-is-layout-9d6595d7 wp-block-columns-is-layout-flex\">\n<div class=\"wp-block-column is-layout-flow wp-block-column-is-layout-flow\">\n<p><strong>V<\/strong>iele Menschen sehen sich in der heutigen Zeit vor Herausforderungen gestellt. Diese Herausforderungen sind in der Regel Erscheinungen des Mangels. Wir w\u00fcnschen uns mehr Gl\u00fcck im Beruf, in der Liebe und allgemein in unserem Leben, weil wir einen Mangel in diesen Lebensbereichen sp\u00fcren. Dabei hat ein erf\u00fclltes Leben nichts mit Zufall oder Gl\u00fcck zu tun, denn das Leben erf\u00fcllt uns all unsere W\u00fcnsche. Es arbeitet <strong>f\u00fcr<\/strong> uns, anstatt, wie viele glauben, gegen uns. Allerdings unterscheidet das Leben nicht in Gut und B\u00f6se. Es geht davon aus, da\u00df wir all jene Dinge &#8222;wollen&#8220;, auf die wir unsere Aufmerksamkeit stark richten.<\/p>\n<\/div>\n\n\n\n<div class=\"wp-block-column is-layout-flow wp-block-column-is-layout-flow\" style=\"flex-basis:50%\">\n<figure class=\"wp-block-image size-large\"><img loading=\"lazy\" decoding=\"async\" width=\"778\" height=\"1024\" src=\"https:\/\/johannes-alexander.de\/wp-content\/uploads\/2025\/08\/niko-photos-tGTVxeOr_Rs-unsplash_cropped-778x1024.jpg\" alt=\"\" class=\"wp-image-1435\" srcset=\"https:\/\/johannes-alexander.de\/wp-content\/uploads\/2025\/08\/niko-photos-tGTVxeOr_Rs-unsplash_cropped-778x1024.jpg 778w, https:\/\/johannes-alexander.de\/wp-content\/uploads\/2025\/08\/niko-photos-tGTVxeOr_Rs-unsplash_cropped-228x300.jpg 228w, https:\/\/johannes-alexander.de\/wp-content\/uploads\/2025\/08\/niko-photos-tGTVxeOr_Rs-unsplash_cropped-768x1011.jpg 768w, https:\/\/johannes-alexander.de\/wp-content\/uploads\/2025\/08\/niko-photos-tGTVxeOr_Rs-unsplash_cropped-1167x1536.jpg 1167w, https:\/\/johannes-alexander.de\/wp-content\/uploads\/2025\/08\/niko-photos-tGTVxeOr_Rs-unsplash_cropped-1556x2048.jpg 1556w, https:\/\/johannes-alexander.de\/wp-content\/uploads\/2025\/08\/niko-photos-tGTVxeOr_Rs-unsplash_cropped.jpg 1895w\" sizes=\"auto, (max-width: 778px) 100vw, 778px\" \/><\/figure>\n<\/div>\n<\/div>\n\n\n\n<p><strong>D<\/strong>as Leben wertet nicht. Ebensowenig, wie die Liebe wertet. Das Leben und die Liebe schenken uns also wertfrei all die Erfahrungen, auf die wir &#8222;neugierig&#8220; sind. Ganz egal, ob diese &#8222;Neugier&#8220; eher ein sich \u00e4ngstlich Hineinsteigern in eine M\u00f6glichkeit ist oder eine Vorfreude und Dankbarkeit f\u00fcr die Dinge ist, die uns gut tun. <\/p>\n\n\n\n<p class=\"has-text-align-center has-background\" style=\"background-color:#fff7e3a8\">\ud83d\ude4f &#8222;Am Anfang von allem steht die liebevolle Beziehung zu sich selbst.&#8220; J.Alexander<\/p>\n\n\n\n<p><strong>A<\/strong>uf dem Weg nach innen, hin zu einer friedvolleren Beziehung mit sich selbst, findet man sich zu Beginn mitunter mit verschiedenen H\u00fcrden konfrontiert. Vielleicht wei\u00df man nicht, wo man anfangen soll, man f\u00fchlt sich noch unsicher im Umgang mit intensiven unbekannten Gef\u00fchlen oder man bekommt den Kopf mit seinen vielen Gedanken einfach nicht leer.<\/p>\n\n\n\n<p class=\"has-text-align-center has-background\" style=\"background-color:#fff7e3a8\">\ud83e\udd89 &#8222;<strong>E<\/strong>chtes Wachstum geschieht nur, wenn wir unseren Schattenseiten liebevoll begegnen, genau hinsp\u00fcren, was wirklich los ist und lernen, die Arme wieder weit zu machen f\u00fcr alles, was sich zeigt.&#8220; J.Alexander<\/p>\n\n\n\n<p><strong>I<\/strong>ch helfe Dir dabei und hole Dich liebevoll und respektvoll an dem Punkt ab, an dem Du gerade stehst. Gemeinsam erl\u00f6sen wir die Anhaftungen an alte \u00fcberholte Glaubenss\u00e4tze, Handlungsmuster und Erwartungen.<\/p>\n\n\n\n<div style=\"height:20px\" aria-hidden=\"true\" class=\"wp-block-spacer\"><\/div>\n\n\n\n<p id=\"kE\"><strong>k\u00f6rperorientierte Energiebehandlungen<\/strong>:<\/p>\n\n\n\n<div class=\"wp-block-columns is-layout-flex wp-container-core-columns-is-layout-9d6595d7 wp-block-columns-is-layout-flex\">\n<div class=\"wp-block-column is-layout-flow wp-block-column-is-layout-flow\" style=\"flex-basis:50%\">\n<figure class=\"wp-block-image size-large\"><img loading=\"lazy\" decoding=\"async\" width=\"878\" height=\"1024\" src=\"https:\/\/johannes-alexander.de\/wp-content\/uploads\/2025\/08\/clement-duguerre-DUy6FEHCMuU-unsplash_cropped-878x1024.jpg\" alt=\"\" class=\"wp-image-1444\" srcset=\"https:\/\/johannes-alexander.de\/wp-content\/uploads\/2025\/08\/clement-duguerre-DUy6FEHCMuU-unsplash_cropped-878x1024.jpg 878w, https:\/\/johannes-alexander.de\/wp-content\/uploads\/2025\/08\/clement-duguerre-DUy6FEHCMuU-unsplash_cropped-257x300.jpg 257w, https:\/\/johannes-alexander.de\/wp-content\/uploads\/2025\/08\/clement-duguerre-DUy6FEHCMuU-unsplash_cropped-768x896.jpg 768w, https:\/\/johannes-alexander.de\/wp-content\/uploads\/2025\/08\/clement-duguerre-DUy6FEHCMuU-unsplash_cropped-1317x1536.jpg 1317w, https:\/\/johannes-alexander.de\/wp-content\/uploads\/2025\/08\/clement-duguerre-DUy6FEHCMuU-unsplash_cropped-1756x2048.jpg 1756w\" sizes=\"auto, (max-width: 878px) 100vw, 878px\" \/><\/figure>\n<\/div>\n\n\n\n<div class=\"wp-block-column is-layout-flow wp-block-column-is-layout-flow\">\n<p><strong>I<\/strong>n diesen Sitzungen bist Du eher passiv. Wir werden uns vor der Anwendung bei Bedarf austauschen, wo bei Dir der Schuh dr\u00fcckt und dies als Ausgangspunkt der Energiearbeit nutzen. Bei einem &#8222;vor Ort &#8211; Termin&#8220; liegst Du dabei bequem auf einer Behandlungsliege in meinem Behandlungsraum oder bei einem Online-Termin bei Dir zu Hause gem\u00fctlich an Deinem Lieblingsort. Nach der Anwendung hast Du genug Zeit, um wieder im Hier und Jetzt anzukommen und wir tauschen uns gern, wenn gew\u00fcnscht, \u00fcber das Erlebte aus.<\/p>\n<\/div>\n<\/div>\n\n\n\n<p><strong>A<\/strong>uf Wunsch biete ich auch <strong>Reiki<\/strong>-Sitzungen an.<\/p>\n\n\n\n<p class=\"has-background\" id=\"Einzel\" style=\"background-color:#fff7e3a8\">\ud83d\udc50\ud83c\udffb <strong>B<\/strong>ei Interesse berate Ich Dich gern, welche Form der <a href=\"#Einzel\">Einzelbegleitung<\/a> die richtige f\u00fcr Dich ist. \ud83d\ude42<\/p>\n\n\n\n<p class=\"has-text-align-right\">\u00b7\u00b7 <a href=\"#top\" data-type=\"internal\" data-id=\"#top\">nach oben<\/a> \u00b7\u00b7 weiter zu <a href=\"https:\/\/johannes-alexander.de\/?page_id=13\" data-type=\"page\" data-id=\"13\">kontakt<\/a><\/p>\n\n\n\n<p id=\"gCS\"><strong>ganzheitliche Coaching-Sitzungen<\/strong>:<\/p>\n\n\n\n<p><strong>D<\/strong>as Format dieser Sitzungen ist eine Hilfe zur Selbsthilfe und f\u00fcr alle angedacht, die sich w\u00fcnschen, einen Weg zu finden, sich eigenverantwortlich und liebevoll um seine Themen selbst zu k\u00fcmmern. Wir tauschen uns auch \u00fcber Dein Anliegen aus, jedoch vermittle ich Dir zus\u00e4tzlich Grundlagen zur Selbsthilfe. Ich leite Dich an, Deine Themen selbst zu erl\u00f6sen bzw. schauen wir gemeinsam, an was f\u00fcr einem Punkt Du stehst und was es braucht.<\/p>\n\n\n\n<p><strong>D<\/strong>a wir alle sehr verschieden sind und individuell betrachtet werden m\u00fcssen, sind auch die Sitzungen individuell. Ich hole Dich dort ab, wo Du grade stehst.<\/p>\n\n\n\n<p class=\"has-background\" style=\"background-color:#fff7e3a8\">\ud83d\udc50\ud83c\udffb <strong>I<\/strong>ch berate Dich sehr gern in einem Erstgespr\u00e4ch, welche M\u00f6glichkeit der <a href=\"#Einzel\">Einzelbegleitung<\/a> f\u00fcr Dich die passende ist. \ud83d\ude42<\/p>\n\n\n\n<p class=\"has-text-align-right\">\u00b7\u00b7 <a href=\"#top\" data-type=\"internal\" data-id=\"#top\">nach oben<\/a> \u00b7\u00b7 weiter zu <a href=\"https:\/\/johannes-alexander.de\/?page_id=13\" data-type=\"page\" data-id=\"13\">kontakt<\/a><\/p>\n\n\n\n<p id=\"Paare\"><strong>Paar-Begleitung<\/strong>:<\/p>\n\n\n\n<p><strong>M<\/strong>eine Arbeit richtet sich insbesondere auch an Paare, die Ihre Beziehung zueinander vertiefen m\u00f6chten.<\/p>\n\n\n\n<p><strong>D<\/strong>ie meisten Herausforderungen in Beziehungen h\u00e4ngen damit zusammen, da\u00df man nicht versteht, wozu Beziehungen eigentlich da sind. Dadurch gehen viele Menschen, mitunter einfach auch unbewu\u00dft, mit falschen Erwartungen oder aus unklaren Motivationen heraus, Beziehungen miteinander ein.<\/p>\n\n\n<div class=\"wp-block-image\">\n<figure class=\"aligncenter size-large\"><img loading=\"lazy\" decoding=\"async\" width=\"1024\" height=\"740\" src=\"https:\/\/johannes-alexander.de\/wp-content\/uploads\/2025\/08\/rebekah-vos-XBRYsGfQ30A-unsplash_cropped-1024x740.jpg\" alt=\"\" class=\"wp-image-1447\" srcset=\"https:\/\/johannes-alexander.de\/wp-content\/uploads\/2025\/08\/rebekah-vos-XBRYsGfQ30A-unsplash_cropped-1024x740.jpg 1024w, https:\/\/johannes-alexander.de\/wp-content\/uploads\/2025\/08\/rebekah-vos-XBRYsGfQ30A-unsplash_cropped-300x217.jpg 300w, https:\/\/johannes-alexander.de\/wp-content\/uploads\/2025\/08\/rebekah-vos-XBRYsGfQ30A-unsplash_cropped-768x555.jpg 768w, https:\/\/johannes-alexander.de\/wp-content\/uploads\/2025\/08\/rebekah-vos-XBRYsGfQ30A-unsplash_cropped.jpg 1494w\" sizes=\"auto, (max-width: 1024px) 100vw, 1024px\" \/><\/figure>\n<\/div>\n\n\n<div style=\"height:20px\" aria-hidden=\"true\" class=\"wp-block-spacer\"><\/div>\n\n\n\n<p><strong>D<\/strong>ennoch. Meiner Erfahrung und \u00dcberzeugung nach, sind wir <strong>immer<\/strong> zur richtigen Zeit am richtigen Ort. Das hei\u00dft auch, da\u00df wir <strong>immer<\/strong> den richtigen Partner haben. Um dies zu sehen, braucht man entweder ein tieferes Verst\u00e4ndnis f\u00fcr die Regeln des Universums (Resonanzgesetz) oder einen tiefen Kontakt zu sich selbst.<\/p>\n\n\n\n<p class=\"has-background\" style=\"background-color:#fff7e3a8\">\ud83e\udd14 <strong>W<\/strong>as w\u00e4re, wenn Du herausfinden w\u00fcrdest, da\u00df Dein Gegen\u00fcber die ganze Zeit an den selben Lebensthemen puzzelt und r\u00e4tselt? Vielleicht ist das nicht immer auf den ersten Blick erkennbar, weil wir alle individuell mit unseren Herausforderungen umgehen. Vielleicht n\u00e4hert unser Partner sich ja nur der Herzensmitte aus einer anderen Richtung an, aber der Wunsch und das Sehnen nach L\u00f6sung und Liebe ist der selbe?<\/p>\n\n\n\n<p><strong>M<\/strong>it meiner Hilfe kann es leichter werden, herauszufinden, welchen gemeinsamen Nenner beide haben und welche Lernlektion des Lebens f\u00fcr <strong>beide<\/strong> in der Situation steckt. Dann wird echte Anteilnahme und, wenn man sich f\u00fcr den Weg der Eigenverantwortung entscheidet, gegenseitiges Verst\u00e4ndnis und Mitgef\u00fchl m\u00f6glich. Die Erkenntnis und das sichere Gef\u00fchl kommt wieder, da\u00df man immer noch im selben Boot sitzt.<\/p>\n\n\n\n<p class=\"has-background\" style=\"background-color:#fff7e3a8\">\ud83e\udeb6 &#8222;<strong>E<\/strong>s gibt f\u00fcr Menschen, die mit sich selbst weiter in die Tiefe gehen wollen, in den meisten F\u00e4llen keinen Grund, sich von einem Partner zu trennen. Man kann nur so erf\u00fcllende und tiefe Beziehungen mit anderen f\u00fchren, wie man auch mit sich selbst erf\u00fcllt und tief ist. Findet man zu einer neuen Intimit\u00e4t mit sich selbst, wird man in den meisten F\u00e4llen \u00fcberrascht sein, da\u00df der Partner im Au\u00dfen auf diese neue Tiefe reagiert und die Chance erh\u00e4lt, sich auch auf diese Ebene einzulassen.&#8220; J.Alexander<\/p>\n\n\n\n<hr class=\"wp-block-separator has-alpha-channel-opacity is-style-dots\"\/>\n\n\n\n<p class=\"has-text-align-right\">\u00b7\u00b7 <a href=\"#top\" data-type=\"internal\" data-id=\"#top\">nach oben<\/a> \u00b7\u00b7 weiter zu <a href=\"https:\/\/johannes-alexander.de\/?page_id=13\" data-type=\"page\" data-id=\"13\">kontakt<\/a><\/p>\n\n\n\n<p id=\"GHA\"><strong>Ganzheitliche Heil- und Aufstellungsarbeit<\/strong>:<\/p>\n\n\n\n<p><strong>A<\/strong>nders als bei herk\u00f6mmlicher Aufstellungsarbeit, bei der durch systemische Denkans\u00e4tze pers\u00f6nliche Situationen und famili\u00e4re Verh\u00e4ltnisse aufgestellt werden, um den Beteiligten bei der Bewu\u00dftmachung von Themen zu helfen, erh\u00e4lt unsere Herangehensweise einen wichtigen Zusatz:<\/p>\n\n\n\n<div class=\"wp-block-columns is-layout-flex wp-container-core-columns-is-layout-9d6595d7 wp-block-columns-is-layout-flex\">\n<div class=\"wp-block-column is-layout-flow wp-block-column-is-layout-flow\">\n<figure class=\"wp-block-image size-large\"><img loading=\"lazy\" decoding=\"async\" width=\"749\" height=\"1024\" src=\"https:\/\/johannes-alexander.de\/wp-content\/uploads\/2025\/08\/haberdoedas-DX0oqKPU6Bw-unsplash_cropped-749x1024.jpg\" alt=\"\" class=\"wp-image-1456\" srcset=\"https:\/\/johannes-alexander.de\/wp-content\/uploads\/2025\/08\/haberdoedas-DX0oqKPU6Bw-unsplash_cropped-749x1024.jpg 749w, https:\/\/johannes-alexander.de\/wp-content\/uploads\/2025\/08\/haberdoedas-DX0oqKPU6Bw-unsplash_cropped-219x300.jpg 219w, https:\/\/johannes-alexander.de\/wp-content\/uploads\/2025\/08\/haberdoedas-DX0oqKPU6Bw-unsplash_cropped-768x1050.jpg 768w, https:\/\/johannes-alexander.de\/wp-content\/uploads\/2025\/08\/haberdoedas-DX0oqKPU6Bw-unsplash_cropped.jpg 790w\" sizes=\"auto, (max-width: 749px) 100vw, 749px\" \/><\/figure>\n<\/div>\n\n\n\n<div class=\"wp-block-column is-layout-flow wp-block-column-is-layout-flow\">\n<p><strong>I<\/strong>n unserer Arbeit stellen wir, unter anderem, ebenfalls Themen auf, aber wir erweitern den traditionellen Ansatz mit energetischen und spirituellen Heilungstechniken. Es werden somit nicht nur Dinge offengelegt, sondern das Thema ganzheitlich ausgeleuchtet und nachhaltig bearbeitet. Dies ist, unserer Ansicht nach, essentiell, um wirklich tiefgreifende Heilung und wahrnehmbare Ver\u00e4nderung zu bewirken.<\/p>\n\n\n\n<p><br><strong>V<\/strong>iele Menschen, die bereits Erfahrungen mit herk\u00f6mmlichen Aufstellungen gemacht haben, berichten immer wieder,<\/p>\n<\/div>\n<\/div>\n\n\n\n<p>da\u00df sie dabei zwar wichtige Erkenntnisse gewannen, aber der emotionale Aufarbeitungsproze\u00df zum Teil recht lange dauerte bzw. nie ganz abgeschlossen werden konnte, da die alten Wunden zwar aufgesucht, aber nicht ganz geheilt wurden.<\/p>\n\n\n\n<p><br><strong>Z<\/strong>udem hat ihnen fortf\u00fchrende Begleitung gefehlt, was in Anbetracht des Formates der klassischen Aufstellungsarbeit auch kaum wundert. Bei einer gr\u00f6\u00dferen Gruppe an Teilnehmenden jeden Einzelnen wirklich abzuholen und gegebenenfalls in weiterf\u00fchrenden Sitzungen zu unterst\u00fctzen, ist schwer umsetzbar.<br>Auch wir haben \u00e4hnliche Beobachtungen bzw. vergleichbare Erfahrungen gemacht. Wer schon einmal einen klassischen Aufstellungsabend besucht hat, hat eventuell auch schon erlebt, da\u00df selbst, wenn man \u201enur\u201c dabei sitzt und zuschaut, schon viel ausgel\u00f6st werden kann. Bei zu gro\u00dfen Gruppen kann der Seminarleiter in solch einem Fall nicht auf jeden Einzelnen eingehen.<\/p>\n\n\n\n<p><strong>G<\/strong>r\u00f6\u00dfere Gruppen sind sicher auch im Hinblick auf die Diskretion nicht jedermanns Sache. Wir kennen die Arbeit mit inneren Prozessen und wissen, da\u00df es ein gesch\u00fctztes Umfeld braucht, um sensible Themen zu bearbeiten. Sich von vielen fremden Menschen gleichzeitig gehalten und geborgen zu f\u00fchlen und ihnen die innersten Themen zu offenbaren, ist nicht jedem m\u00f6glich.<\/p>\n\n\n\n<p><strong>D<\/strong>aher folgen wir einem <strong>traumasensibleren Ansatz<\/strong>. Uns ist es wichtig, da\u00df jeder, der Begleitung braucht, diese auch sofort bekommt. Daher arbeiten wir nur mit Einzelpersonen, Paaren und kleinen Gruppen.<\/p>\n\n\n\n<p><strong>U<\/strong>nsere Arbeit stellt die Heilbegleitung in den Vordergrund. Das Aufstellen ist nur eins von vielen Werkzeugen. Im Idealfall ist nach einer Sitzung das Thema wirklich gel\u00f6st. Eine Begleitung \u00fcber die Sitzung hinaus ist oftmals gar nicht notwendig. Wenn dies doch der Fall sein sollte, sind wir weiter f\u00fcr Dich verf\u00fcgbar. Jeder Teilnehmer wird von uns liebevoll durch all seine Prozesse begleitet und kann am Ende der Heilbegleitung in Frieden, selbsterm\u00e4chtigt und mit Verst\u00e4ndnis mit sich selbst und all jenen, die mit dem Thema zusammenhingen, heim gehen und in ein \u201eneues Leben\u201c starten.<\/p>\n\n\n\n<p><strong>D<\/strong>iese Form der Heilbegleitung eignet sich f\u00fcr die verschiedensten Themenbereiche:<\/p>\n\n\n\n<ul class=\"wp-block-list\">\n<li>Zwischenmenschliche Beziehungen (Selbsterkenntnis, Partnerschaften, Familie, gesch\u00e4ftliche Beziehungen)<\/li>\n\n\n\n<li>Ursachen von Krankheiten &amp; k\u00f6rperlichen Befindlichkeiten<\/li>\n\n\n\n<li>Zukunftsorientierung und -planung (berufliche Entscheidungen bzw. Neuausrichtung)<\/li>\n\n\n\n<li>Ordnung schaffen bei Sinn- und Lebenskrisen, usw&#8230;<\/li>\n<\/ul>\n\n\n\n<hr class=\"wp-block-separator has-alpha-channel-opacity is-style-dots\"\/>\n\n\n\n<p class=\"has-text-align-right\">\u00b7\u00b7 <a href=\"#top\" data-type=\"internal\" data-id=\"#top\">nach oben<\/a> \u00b7\u00b7 weiter zu <a href=\"https:\/\/johannes-alexander.de\/?page_id=13\" data-type=\"page\" data-id=\"13\">kontakt<\/a><\/p>\n\n\n\n<p id=\"HUV\"><strong>Heil- und Verbindungskreis<\/strong>:<\/p>\n\n\n\n<p class=\"has-background\" style=\"background-color:#fff7e3a8\">\ud83d\ude4f\ud83c\udffb <strong>F<\/strong>\u00fcr Menschen, die sich f\u00fcr spirituelle Dinge und f\u00fcr Wege der Heilung interessieren&#8230; \ud83d\udd4a <\/p>\n\n\n\n<figure class=\"wp-block-image size-full\"><img loading=\"lazy\" decoding=\"async\" width=\"1920\" height=\"1080\" src=\"https:\/\/johannes-alexander.de\/wp-content\/uploads\/2025\/09\/HUV-Kreis.jpg\" alt=\"\" class=\"wp-image-1560\" srcset=\"https:\/\/johannes-alexander.de\/wp-content\/uploads\/2025\/09\/HUV-Kreis.jpg 1920w, https:\/\/johannes-alexander.de\/wp-content\/uploads\/2025\/09\/HUV-Kreis-300x169.jpg 300w, https:\/\/johannes-alexander.de\/wp-content\/uploads\/2025\/09\/HUV-Kreis-1024x576.jpg 1024w, https:\/\/johannes-alexander.de\/wp-content\/uploads\/2025\/09\/HUV-Kreis-768x432.jpg 768w, https:\/\/johannes-alexander.de\/wp-content\/uploads\/2025\/09\/HUV-Kreis-1536x864.jpg 1536w\" sizes=\"auto, (max-width: 1920px) 100vw, 1920px\" \/><\/figure>\n\n\n\n<div style=\"height:20px\" aria-hidden=\"true\" class=\"wp-block-spacer\"><\/div>\n\n\n\n<ul class=\"wp-block-list\">\n<li><strong>F<\/strong>\u00fchlst Du Dich in Deinem Umfeld manchmal unverstanden und w\u00fcnscht Dir <strong>Gleichgesinnte<\/strong>, die Dich verstehen und auf einem \u00e4hnlichen Weg unterwegs sind?<\/li>\n\n\n\n<li><strong>B<\/strong>ist Du offen f\u00fcr <strong>Weiterentwicklung<\/strong>, aber f\u00fchlst Dich im Dschungel der verschiedenen Sichtweisen, Ans\u00e4tze, Techniken und Tools \u00fcberfordert?<\/li>\n\n\n\n<li><strong>H<\/strong>ast Du Interesse an neuen <strong>Perspektiven<\/strong> und <strong>Impulsen<\/strong> und daran, Deine <strong>Innenwelt<\/strong> zu erforschen und Dir selbst n\u00e4her zu kommen?<\/li>\n\n\n\n<li><strong>F<\/strong>\u00e4llt es Dir im Alltag manchmal schwer, <strong>Raum<\/strong> f\u00fcr Dich und Deine <strong>Selbsterforschung<\/strong> zu nehmen, obwohl Du Dir insgeheim einen solchen w\u00fcnscht?<\/li>\n<\/ul>\n\n\n\n<p class=\"has-text-align-right\"><strong>&#8230;vielleicht ist dann unser Heil- und Verbindungskreis etwas f\u00fcr Dich.<\/strong><\/p>\n\n\n\n<p><strong>J<\/strong>edes Event beinhaltet ein bestimmtes Thema, welchem wir uns entweder <strong>Online oder vor Ort<\/strong> widmen und gemeinsam behandeln. Es gibt dazu jeweils Impulse, Mediationen, Techniken und (K\u00f6rper-)\u00dcbungen sowie Raum f\u00fcr Integration, Fragen und Austausch.<\/p>\n\n\n\n<p class=\"has-text-align-center has-background\" style=\"background-color:#fff7e3a8\">\ud83d\udccd <strong>E<\/strong>rster <strong>Online-Termin<\/strong> zum Thema &#8222;<strong>Mitgef\u00fchl<\/strong>&#8220; : <br>am <strong>24. September<\/strong> ab <strong>19 bis ca. 21 Uhr<\/strong> via <strong>Zoom<\/strong><br>Teilnahme: <strong>33,00 \u20ac<\/strong><\/p>\n\n\n\n<p class=\"has-background\" style=\"background-color:#fff7e3a8\"><strong>\ud83d\udca1<\/strong> <strong>Hinweis<\/strong>:<br><strong>D<\/strong>ie aktuellen Termine findet Ihr unter &#8222;<a href=\"https:\/\/johannes-alexander.de\/?page_id=1368\">aktuell<\/a>&#8220; . Wenn Du auf dem Laufenden bleiben m\u00f6chtest, kannst Du <a href=\"https:\/\/t.me\/Spiegelraum\">hier<\/a> gern meiner Telegram-Gruppe beitreten.<\/p>\n\n\n\n<p class=\"has-text-align-right\">\u00b7\u00b7 <a href=\"https:\/\/johannes-alexander.de\/#top\">nach oben<\/a> \u00b7\u00b7 weiter zu <a href=\"https:\/\/johannes-alexander.de\/?page_id=13\">kontakt<\/a><br><\/p>\n\n\n\n<p><\/p>\n","protected":false},"excerpt":{"rendered":"<p>Derzeit biete ich Einzel&#8211; und Paar-Begleitungen an, sowie ganzheitliche Heil- und Aufstellungsarbeit in Zusammenarbeit mit Joana Glaum. Die Einzelbegleitungen finden dabei als k\u00f6rperorientierte Energiebehandlungen statt oder als ganzheitliche Coaching-Sitzungen. Bei Interesse nimm gern Kontakt mit mir auf. Die Termine k\u00f6nnen vor Ort in Markkleeberg, per Video-Call oder Telefon stattfinden. \ud83d\udccd Und ganz neu: es entsteht [&hellip;]<\/p>\n","protected":false},"author":1,"featured_media":0,"parent":0,"menu_order":0,"comment_status":"closed","ping_status":"closed","template":"","meta":{"footnotes":""},"class_list":["post-996","page","type-page","status-publish","hentry"],"_links":{"self":[{"href":"https:\/\/johannes-alexander.de\/index.php?rest_route=\/wp\/v2\/pages\/996","targetHints":{"allow":["GET"]}}],"collection":[{"href":"https:\/\/johannes-alexander.de\/index.php?rest_route=\/wp\/v2\/pages"}],"about":[{"href":"https:\/\/johannes-alexander.de\/index.php?rest_route=\/wp\/v2\/types\/page"}],"author":[{"embeddable":true,"href":"https:\/\/johannes-alexander.de\/index.php?rest_route=\/wp\/v2\/users\/1"}],"replies":[{"embeddable":true,"href":"https:\/\/johannes-alexander.de\/index.php?rest_route=%2Fwp%2Fv2%2Fcomments&post=996"}],"version-history":[{"count":159,"href":"https:\/\/johannes-alexander.de\/index.php?rest_route=\/wp\/v2\/pages\/996\/revisions"}],"predecessor-version":[{"id":1563,"href":"https:\/\/johannes-alexander.de\/index.php?rest_route=\/wp\/v2\/pages\/996\/revisions\/1563"}],"wp:attachment":[{"href":"https:\/\/johannes-alexander.de\/index.php?rest_route=%2Fwp%2Fv2%2Fmedia&parent=996"}],"curies":[{"name":"wp","href":"https:\/\/api.w.org\/{rel}","templated":true}]}}